{"id":120,"date":"2019-10-21T13:20:45","date_gmt":"2019-10-21T15:20:45","guid":{"rendered":"http:\/\/brazilexpedition.com\/?page_id=120"},"modified":"2021-09-17T12:02:35","modified_gmt":"2021-09-17T15:02:35","slug":"quem-somos","status":"publish","type":"page","link":"https:\/\/brazilexpedition.com\/es\/quem-somos\/","title":{"rendered":"Quem Somos"},"content":{"rendered":"<p><\/p>\n<h2>Brazil Expedition<\/h2>\n<p>Fundamos esta empresa en 2002, despu\u00e9s de trabajar dos a\u00f1os como gu\u00edas y orientadores de viajeros aventureros en Brasil y, principalmente, en R\u00edo de Janeiro. Nuestras opciones est\u00e1n pensadas no solo para que vivas una muy buena experiencia, sino tambi\u00e9n para que compartas momentos con los habitantes de la ciudad. \u00a1Bienvenido a Brazil Expedition! \u00a1Dile chau al turismo convencional!<\/p>\n<p>&nbsp;<\/p>\n<h2>Circuitos<\/h2>\n<p>Planeamos tus excursiones de forma tal que puedas vivir la mayor cantidad de cosas posibles en el tiempo que tengas disponible. Incluimos los circuitos tur\u00edsticos tradicionales, y agregamos experiencias fuera de lo habitual en lugares fant\u00e1sticos, que pocas personas logran conocer la primera vez que visitan R\u00edo.<\/p>\n<p>&nbsp;<\/p>\n<h2>Guias<\/h2>\n<p>Nos gusta compartir experiencias y aprender de otras culturas. Hablamos ingl\u00e9s, portugu\u00e9s y espa\u00f1ol y conocemos la ciudad en profundidad. Estamos habilitados por el Ministerio de Turismo, y nos capacitamos constantemente. Puedes quedarte tranquilo, ya que est\u00e1s en manos de expertos. Nuestro objetivo es que puedas tener el mayor contacto con la cultura local. Te damos consejos, recomendamos lugares interesantes para comer, relajarse, salir y disfrutar al m\u00e1ximo de lo que nuestra ciudad tiene para ofrecer.<\/p>\n<p>&nbsp;<\/p>\n<h2>Alojamiento<\/h2>\n<p>Podemos ayudarte a elegir el alojamiento que mejor atienda a tus necesidades y presupuesto. Podemos reservar por ti, buscarte en el aeropuerto y dejarte en tu hotel, hostel o departamento.<\/p>","protected":false},"excerpt":{"rendered":"<p>Brazil Expedition Fundamos esta empresa en 2002, despu\u00e9s de trabajar dos a\u00f1os como gu\u00edas y orientadores de viajeros aventureros en Brasil y, principalmente, en R\u00edo de Janeiro. Nuestras opciones est\u00e1n [&hellip;]<\/p>\n","protected":false},"author":1,"featured_media":0,"parent":0,"menu_order":0,"comment_status":"closed","ping_status":"closed","template":"page_about.php","meta":{"footnotes":""},"class_list":["post-120","page","type-page","status-publish","hentry"],"_links":{"self":[{"href":"https:\/\/brazilexpedition.com\/es\/wp-json\/wp\/v2\/pages\/120"}],"collection":[{"href":"https:\/\/brazilexpedition.com\/es\/wp-json\/wp\/v2\/pages"}],"about":[{"href":"https:\/\/brazilexpedition.com\/es\/wp-json\/wp\/v2\/types\/page"}],"author":[{"embeddable":true,"href":"https:\/\/brazilexpedition.com\/es\/wp-json\/wp\/v2\/users\/1"}],"replies":[{"embeddable":true,"href":"https:\/\/brazilexpedition.com\/es\/wp-json\/wp\/v2\/comments?post=120"}],"version-history":[{"count":10,"href":"https:\/\/brazilexpedition.com\/es\/wp-json\/wp\/v2\/pages\/120\/revisions"}],"predecessor-version":[{"id":428,"href":"https:\/\/brazilexpedition.com\/es\/wp-json\/wp\/v2\/pages\/120\/revisions\/428"}],"wp:attachment":[{"href":"https:\/\/brazilexpedition.com\/es\/wp-json\/wp\/v2\/media?parent=120"}],"curies":[{"name":"wp","href":"https:\/\/api.w.org\/{rel}","templated":true}]}}