{"id":120,"date":"2019-10-21T13:20:45","date_gmt":"2019-10-21T15:20:45","guid":{"rendered":"http:\/\/brazilexpedition.com\/?page_id=120"},"modified":"2021-09-17T12:02:35","modified_gmt":"2021-09-17T15:02:35","slug":"quem-somos","status":"publish","type":"page","link":"https:\/\/brazilexpedition.com\/pb\/quem-somos\/","title":{"rendered":"Quem Somos"},"content":{"rendered":"<p><\/p>\n<h2>Brazil Expedition<\/h2>\n<p>N\u00f3s fundamos esta empresa em 2002 depois de trabalhar durante dois anos como guia e orientadores de viajantes aventureiros no Brasil e principalmente Rio de Janeiro. Nossos produtos s\u00e3o muito bem projetados para permitir que voc\u00ea n\u00e3o s\u00f3 veja mas tamb\u00e9m compartilhe sua experi\u00eancia com os moradores e locais de nossa cidade. Bem-vindo ao Brasil Expedition e fuja do turismo convencional!<\/p>\n<p>&nbsp;<\/p>\n<h2>Rotas<\/h2>\n<p>Nossas rotas s\u00e3o projetados para permitir que voc\u00ea experimente o m\u00e1ximo poss\u00edvel com o tempo que voc\u00ea tem dispon\u00edvel. N\u00f3s inclu\u00edmos todas as rotas bem conhecidas e tamb\u00e9m levamos para experiencias fora das rotas tur\u00edsticas habituais a alguns lugares fant\u00e1sticos que poucos visitantes de primeira viagem conseguem ver.<\/p>\n<p>&nbsp;<\/p>\n<h2>Guias<\/h2>\n<p>N\u00f3s compartilhamos a experi\u00eancia e aprender novas culturas. Falamos Ingl\u00eas e Portugu\u00eas e conhecemos nossa cidade Rio de Janeiro intimamente. Credenciado pelo Minist\u00e9rio do turismo brasileiro e treinado extensivamente. Voc\u00ea pode ter certeza de que estar\u00e1 nas m\u00e3os de peritos. Nosso objetivo \u00e9 permitir que voc\u00ea tenha o maior contato com a cultura local. Damos dicas, apontamos lugares interessantes para comer, relaxar, sair e desfrutar ao m\u00e1ximo do que nossa cidade tem a oferecer!<\/p>\n<p>&nbsp;<\/p>\n<h2>Acomoda\u00e7\u00f5es<\/h2>\n<p>N\u00f3s podemos ajud\u00e1-lo a escolher o alojamento que atende \u00e0s suas necessidades e or\u00e7amento. N\u00f3s tamb\u00e9m podemos reservar o seu alojamento, busc\u00e1-lo no aeroporto e deix\u00e1-lo em sua pousada, hotel ou albergue.<\/p>\n<p>&nbsp;<\/p>\n<p>Nosso parceiro no Rio:<a href=\"https:\/\/www.kayak.com.br\/\"> https:\/\/www.kayak.com.br\/<\/a><\/p>\n<p>Parceiro em lingua alem\u00e3:<a href=\"https:\/\/www.momondo.de\/city-guides\/discover-Rio-de-Janeiro.24146.guide.ksp\"> https:\/\/www.momondo.de\/city-guides\/discover-Rio-de-Janeiro.24146.guide.ksp<\/a><\/p>","protected":false},"excerpt":{"rendered":"<p>Brazil Expedition N\u00f3s fundamos esta empresa em 2002 depois de trabalhar durante dois anos como guia e orientadores de viajantes aventureiros no Brasil e principalmente Rio de Janeiro. Nossos produtos [&hellip;]<\/p>\n","protected":false},"author":1,"featured_media":0,"parent":0,"menu_order":0,"comment_status":"closed","ping_status":"closed","template":"page_about.php","meta":{"footnotes":""},"class_list":["post-120","page","type-page","status-publish","hentry"],"_links":{"self":[{"href":"https:\/\/brazilexpedition.com\/pb\/wp-json\/wp\/v2\/pages\/120"}],"collection":[{"href":"https:\/\/brazilexpedition.com\/pb\/wp-json\/wp\/v2\/pages"}],"about":[{"href":"https:\/\/brazilexpedition.com\/pb\/wp-json\/wp\/v2\/types\/page"}],"author":[{"embeddable":true,"href":"https:\/\/brazilexpedition.com\/pb\/wp-json\/wp\/v2\/users\/1"}],"replies":[{"embeddable":true,"href":"https:\/\/brazilexpedition.com\/pb\/wp-json\/wp\/v2\/comments?post=120"}],"version-history":[{"count":10,"href":"https:\/\/brazilexpedition.com\/pb\/wp-json\/wp\/v2\/pages\/120\/revisions"}],"predecessor-version":[{"id":428,"href":"https:\/\/brazilexpedition.com\/pb\/wp-json\/wp\/v2\/pages\/120\/revisions\/428"}],"wp:attachment":[{"href":"https:\/\/brazilexpedition.com\/pb\/wp-json\/wp\/v2\/media?parent=120"}],"curies":[{"name":"wp","href":"https:\/\/api.w.org\/{rel}","templated":true}]}}